{"id":205,"date":"2020-02-11T09:34:18","date_gmt":"2020-02-11T08:34:18","guid":{"rendered":"http:\/\/nowa.kaczmarek-komornik.eu\/?page_id=205"},"modified":"2022-03-16T12:10:04","modified_gmt":"2022-03-16T11:10:04","slug":"kontakt","status":"publish","type":"page","link":"https:\/\/kaczmarek-komornik.eu\/?page_id=205","title":{"rendered":"Kontakt"},"content":{"rendered":"<h2>Kontakt<\/h2>\n<p align=\"center\"> <strong>Komornik S\u0105dowy przy S\u0105dzie Rejonowym<br \/>\nPozna\u0144-Grunwald i Je\u017cyce w Poznaniu Artur Kaczmarek<\/strong><\/p>\n<p align=\"center\">ul. Junikowska 6<br \/>\n60-163 Pozna\u0144<br \/>\ntel: 0618667131<\/p>\n<p align=\"center\">&nbsp;faks: wew. 110<\/p>\n<p align=\"center\">nieruchomo\u015bci: wew. 108,<br \/>\nksi\u0119gowo\u015b\u0107: wew. 107<\/p>\n<p align=\"center\">biuro@kaczmarek-komornik.eu<br \/>\nartur.kaczmarek@komornik.pl<\/p>\n<p align=\"center\">adres EPUAP2&nbsp; \/KS_Artur_Kaczmarek\/ezbiegi<\/p>\n<p align=\"center\"><em><strong>Kancelaria czynna w poniedzia\u0142ek w godzinach<\/strong><br \/>\n<\/em><\/p>\n<p align=\"center\"><em>od 8.00 do 16.00<\/em><\/p>\n<p align=\"center\"><em>od wtorku do pi\u0105tku w &nbsp;godzinach<\/em><\/p>\n<p align=\"center\"><em>od 07.30 do 15.30<\/em><\/p>\n<p align=\"center\"><em>Dy\u017cur komornika w ka\u017cdy poniedzia\u0142ek w godz.<br \/>\nod 10.00 do 12.00<br \/>\ni od 14.00 do 16.00<\/em><\/p>\n<p align=\"center\"><strong><br \/>\nPEKAO S.A.<br \/>\n45 1240 6609 1111 0010 5305 3166<\/strong><\/p>\n<p>\t\t\t<iframe frameborder=\"0\" scrolling=\"no\" marginheight=\"0\" marginwidth=\"0\" src=\"https:\/\/maps.google.com\/maps?q=Junikowska%206%2C%20Pozna%C5%84&amp;t=m&amp;z=12&amp;output=embed&amp;iwloc=near\" aria-label=\"Junikowska 6, Pozna\u0144\"><\/iframe><\/p>\n","protected":false},"excerpt":{"rendered":"<p>Kontakt Komornik S\u0105dowy przy S\u0105dzie Rejonowym Pozna\u0144-Grunwald i Je\u017cyce w Poznaniu Artur Kaczmarek ul. Junikowska 6 60-163 Pozna\u0144 tel: 0618667131&nbsp;[&hellip;]<\/p>\n","protected":false},"author":1,"featured_media":0,"parent":0,"menu_order":0,"comment_status":"closed","ping_status":"closed","template":"elementor_header_footer","meta":{"footnotes":""},"class_list":["post-205","page","type-page","status-publish","hentry","post-item clearfix"],"_links":{"self":[{"href":"https:\/\/kaczmarek-komornik.eu\/index.php?rest_route=\/wp\/v2\/pages\/205","targetHints":{"allow":["GET"]}}],"collection":[{"href":"https:\/\/kaczmarek-komornik.eu\/index.php?rest_route=\/wp\/v2\/pages"}],"about":[{"href":"https:\/\/kaczmarek-komornik.eu\/index.php?rest_route=\/wp\/v2\/types\/page"}],"author":[{"embeddable":true,"href":"https:\/\/kaczmarek-komornik.eu\/index.php?rest_route=\/wp\/v2\/users\/1"}],"replies":[{"embeddable":true,"href":"https:\/\/kaczmarek-komornik.eu\/index.php?rest_route=%2Fwp%2Fv2%2Fcomments&post=205"}],"version-history":[{"count":6,"href":"https:\/\/kaczmarek-komornik.eu\/index.php?rest_route=\/wp\/v2\/pages\/205\/revisions"}],"predecessor-version":[{"id":905,"href":"https:\/\/kaczmarek-komornik.eu\/index.php?rest_route=\/wp\/v2\/pages\/205\/revisions\/905"}],"wp:attachment":[{"href":"https:\/\/kaczmarek-komornik.eu\/index.php?rest_route=%2Fwp%2Fv2%2Fmedia&parent=205"}],"curies":[{"name":"wp","href":"https:\/\/api.w.org\/{rel}","templated":true}]}}