{"id":198,"date":"2020-02-11T09:32:16","date_gmt":"2020-02-11T08:32:16","guid":{"rendered":"http:\/\/nowa.kaczmarek-komornik.eu\/?page_id=198"},"modified":"2020-02-13T18:38:14","modified_gmt":"2020-02-13T17:38:14","slug":"zakres-dzialan","status":"publish","type":"page","link":"https:\/\/kaczmarek-komornik.eu\/?page_id=198","title":{"rendered":"Zakres dzia\u0142a\u0144"},"content":{"rendered":"\t\t<div data-elementor-type=\"wp-page\" data-elementor-id=\"198\" class=\"elementor elementor-198\">\n\t\t\t\t\t\t<div class=\"elementor-inner\">\n\t\t\t\t<div class=\"elementor-section-wrap\">\n\t\t\t\t\t\t\t\t\t<section class=\"elementor-section elementor-top-section elementor-element elementor-element-312da2d elementor-section-boxed elementor-section-height-default elementor-section-height-default\" data-id=\"312da2d\" data-element_type=\"section\">\n\t\t\t\t\t\t<div class=\"elementor-container elementor-column-gap-default\">\n\t\t\t\t\t\t\t<div class=\"elementor-row\">\n\t\t\t\t\t<div class=\"elementor-column elementor-col-100 elementor-top-column elementor-element elementor-element-fc6dbc6\" data-id=\"fc6dbc6\" data-element_type=\"column\">\n\t\t\t<div class=\"elementor-column-wrap elementor-element-populated\">\n\t\t\t\t\t\t\t<div class=\"elementor-widget-wrap\">\n\t\t\t\t\t\t<div class=\"elementor-element elementor-element-74816be elementor-widget elementor-widget-heading\" data-id=\"74816be\" data-element_type=\"widget\" data-widget_type=\"heading.default\">\n\t\t\t\t<div class=\"elementor-widget-container\">\n\t\t\t<h2 class=\"elementor-heading-title elementor-size-default\">Zakres dzia\u0142a\u0144<\/h2>\t\t<\/div>\n\t\t\t\t<\/div>\n\t\t\t\t\t\t<\/div>\n\t\t\t\t\t<\/div>\n\t\t<\/div>\n\t\t\t\t\t\t\t\t<\/div>\n\t\t\t\t\t<\/div>\n\t\t<\/section>\n\t\t\t\t<section class=\"elementor-section elementor-top-section elementor-element elementor-element-ac54441 elementor-section-boxed elementor-section-height-default elementor-section-height-default\" data-id=\"ac54441\" data-element_type=\"section\" data-settings=\"{&quot;background_background&quot;:&quot;classic&quot;}\">\n\t\t\t\t\t\t<div class=\"elementor-container elementor-column-gap-default\">\n\t\t\t\t\t\t\t<div class=\"elementor-row\">\n\t\t\t\t\t<div class=\"elementor-column elementor-col-100 elementor-top-column elementor-element elementor-element-4ae8fc9\" data-id=\"4ae8fc9\" data-element_type=\"column\">\n\t\t\t<div class=\"elementor-column-wrap elementor-element-populated\">\n\t\t\t\t\t\t\t<div class=\"elementor-widget-wrap\">\n\t\t\t\t\t\t<div class=\"elementor-element elementor-element-a80c522 elementor-widget elementor-widget-text-editor\" data-id=\"a80c522\" data-element_type=\"widget\" data-widget_type=\"text-editor.default\">\n\t\t\t\t<div class=\"elementor-widget-container\">\n\t\t\t\t\t\t\t\t<div class=\"elementor-text-editor elementor-clearfix\">\n\t\t\t\t<div><p><strong>Komornikom powierza si\u0119 nast\u0119puj\u0105ce zadania:<\/strong><\/p><p>1) wykonywanie orzecze\u0144 s\u0105dowych w sprawach o roszczenia pieni\u0119\u017cne i niepieni\u0119\u017cne oraz zabezpieczenie roszcze\u0144, w tym europejskich nakaz\u00f3w zabezpieczenia na rachunku bankowym, z uwzgl\u0119dnieniem wyj\u0105tk\u00f3w przewidzianych w <a href=\"https:\/\/sip.lex.pl\/#\/document\/16786199?cm=DOCUMENT\">ustawie<\/a> z dnia 17 listopada 1964 r. &#8211; Kodeks post\u0119powania cywilnego (Dz. U. z 2019 r. poz. 1460, z p\u00f3\u017an. zm.);<\/p><p>2) wykonywanie innych tytu\u0142\u00f3w wykonawczych oraz tytu\u0142\u00f3w egzekucyjnych, kt\u00f3re podlegaj\u0105 wykonaniu w drodze egzekucji s\u0105dowej bez zaopatrywania ich w klauzul\u0119 wykonalno\u015bci;<\/p><p>3) wykonywanie postanowie\u0144 o zabezpieczeniu spadku lub sporz\u0105dzanie spisu inwentarza;<\/p><p>4) wykonywanie zada\u0144 okre\u015blonych w innych ustawach.<br \/><br \/><\/p><p><strong>Komornik, poza zadaniami okre\u015blonymi w ust. 3, wykonuje nast\u0119puj\u0105ce czynno\u015bci:<\/strong><\/p><p>1) na zlecenie s\u0105du albo wniosek powoda zobowi\u0105zanego przez s\u0105d na podstawie <a href=\"https:\/\/sip.lex.pl\/#\/document\/16786199?unitId=art%28139%281%29%29par%281%29&amp;cm=DOCUMENT\">art. 139<sup>1<\/sup> \u00a7 1<\/a> ustawy z dnia 17 listopada 1964 r. &#8211; Kodeks post\u0119powania cywilnego &#8211; osobi\u015bcie dor\u0119cza bezpo\u015brednio adresatowi zawiadomienia s\u0105dowe, pisma procesowe oraz inne dokumenty s\u0105dowe za potwierdzeniem odbioru i oznaczeniem daty, albo stwierdza, \u017ce adresat pod podanym adresem nie zamieszkuje;<\/p><p>1a) na zlecenie podmiotu, o kt\u00f3rym mowa w pkt 1, podejmuje czynno\u015bci zmierzaj\u0105ce do ustalenia aktualnego adresu zamieszkania adresata;<\/p><p>2) sporz\u0105dza protok\u00f3\u0142 stanu faktycznego;<\/p><p>3) na wniosek organizatora licytacji &#8211; sprawuje urz\u0119dowy nadz\u00f3r nad dobrowolnymi publicznymi licytacjami, z przybiciem najni\u017cszej lub najwy\u017cszej oferty.<\/p><\/div><p>\u00a0 <\/p>\t\t\t\t\t<\/div>\n\t\t\t\t\t\t<\/div>\n\t\t\t\t<\/div>\n\t\t\t\t\t\t<\/div>\n\t\t\t\t\t<\/div>\n\t\t<\/div>\n\t\t\t\t\t\t\t\t<\/div>\n\t\t\t\t\t<\/div>\n\t\t<\/section>\n\t\t\t\t\t\t\t\t\t<\/div>\n\t\t\t<\/div>\n\t\t\t\t\t<\/div>\n\t\t","protected":false},"excerpt":{"rendered":"<p>Zakres dzia\u0142a\u0144 Komornikom powierza si\u0119 nast\u0119puj\u0105ce zadania: 1) wykonywanie orzecze\u0144 s\u0105dowych w sprawach o roszczenia pieni\u0119\u017cne i niepieni\u0119\u017cne oraz zabezpieczenie&nbsp;[&hellip;]<\/p>\n","protected":false},"author":1,"featured_media":0,"parent":0,"menu_order":0,"comment_status":"closed","ping_status":"closed","template":"elementor_header_footer","meta":{"footnotes":""},"class_list":["post-198","page","type-page","status-publish","hentry","post-item clearfix"],"_links":{"self":[{"href":"https:\/\/kaczmarek-komornik.eu\/index.php?rest_route=\/wp\/v2\/pages\/198","targetHints":{"allow":["GET"]}}],"collection":[{"href":"https:\/\/kaczmarek-komornik.eu\/index.php?rest_route=\/wp\/v2\/pages"}],"about":[{"href":"https:\/\/kaczmarek-komornik.eu\/index.php?rest_route=\/wp\/v2\/types\/page"}],"author":[{"embeddable":true,"href":"https:\/\/kaczmarek-komornik.eu\/index.php?rest_route=\/wp\/v2\/users\/1"}],"replies":[{"embeddable":true,"href":"https:\/\/kaczmarek-komornik.eu\/index.php?rest_route=%2Fwp%2Fv2%2Fcomments&post=198"}],"version-history":[{"count":6,"href":"https:\/\/kaczmarek-komornik.eu\/index.php?rest_route=\/wp\/v2\/pages\/198\/revisions"}],"predecessor-version":[{"id":293,"href":"https:\/\/kaczmarek-komornik.eu\/index.php?rest_route=\/wp\/v2\/pages\/198\/revisions\/293"}],"wp:attachment":[{"href":"https:\/\/kaczmarek-komornik.eu\/index.php?rest_route=%2Fwp%2Fv2%2Fmedia&parent=198"}],"curies":[{"name":"wp","href":"https:\/\/api.w.org\/{rel}","templated":true}]}}